{"id":120,"date":"2024-04-12T11:10:42","date_gmt":"2024-04-12T09:10:42","guid":{"rendered":"https:\/\/www.dornsberg-schuetzen.de\/?page_id=120"},"modified":"2025-06-27T21:30:48","modified_gmt":"2025-06-27T19:30:48","slug":"vorstand","status":"publish","type":"page","link":"https:\/\/www.dornsberg-schuetzen.de\/en\/vorstand\/","title":{"rendered":"Club management"},"content":{"rendered":"<div data-elementor-type=\"wp-page\" data-elementor-id=\"120\" class=\"elementor elementor-120\" data-elementor-settings=\"{&quot;ha_cmc_init_switcher&quot;:&quot;no&quot;}\" data-elementor-post-type=\"page\">\n\t\t\t\t<div class=\"elementor-element elementor-element-b741abb e-flex e-con-boxed e-con e-parent\" data-id=\"b741abb\" data-element_type=\"container\" data-e-type=\"container\" data-settings=\"{&quot;background_background&quot;:&quot;classic&quot;,&quot;_ha_eqh_enable&quot;:false}\">\n\t\t\t\t\t<div class=\"e-con-inner\">\n\t\t\t\t<div class=\"elementor-element elementor-element-f10b7ef elementor-widget elementor-widget-heading\" data-id=\"f10b7ef\" data-element_type=\"widget\" data-e-type=\"widget\" data-widget_type=\"heading.default\">\n\t\t\t\t<div class=\"elementor-widget-container\">\n\t\t\t\t\t<h2 class=\"elementor-heading-title elementor-size-default\">Club management<\/h2>\t\t\t\t<\/div>\n\t\t\t\t<\/div>\n\t\t\t\t<div class=\"elementor-element elementor-element-5a1dddd elementor-widget-divider--view-line_icon elementor-view-default elementor-widget-divider--element-align-center elementor-widget elementor-widget-divider\" data-id=\"5a1dddd\" data-element_type=\"widget\" data-e-type=\"widget\" data-widget_type=\"divider.default\">\n\t\t\t\t<div class=\"elementor-widget-container\">\n\t\t\t\t\t\t\t<div class=\"elementor-divider\">\n\t\t\t<span class=\"elementor-divider-separator\">\n\t\t\t\t\t\t\t<div class=\"elementor-icon elementor-divider__element\">\n\t\t\t\t\t<svg aria-hidden=\"true\" class=\"e-font-icon-svg e-fas-star\" viewbox=\"0 0 576 512\" xmlns=\"http:\/\/www.w3.org\/2000\/svg\"><path d=\"M259.3 17.8L194 150.2 47.9 171.5c-26.2 3.8-36.7 36.1-17.7 54.6l105.7 103-25 145.5c-4.5 26.3 23.2 46 46.4 33.7L288 439.6l130.7 68.7c23.2 12.2 50.9-7.4 46.4-33.7l-25-145.5 105.7-103c19-18.5 8.5-50.8-17.7-54.6L382 150.2 316.7 17.8c-11.7-23.6-45.6-23.9-57.4 0z\"><\/path><\/svg><\/div>\n\t\t\t\t\t\t<\/span>\n\t\t<\/div>\n\t\t\t\t\t\t<\/div>\n\t\t\t\t<\/div>\n\t\t<div class=\"elementor-element elementor-element-f6edf36 e-flex e-con-boxed e-con e-child\" data-id=\"f6edf36\" data-element_type=\"container\" data-e-type=\"container\" data-settings=\"{&quot;_ha_eqh_enable&quot;:false}\">\n\t\t\t\t\t<div class=\"e-con-inner\">\n\t\t<div class=\"elementor-element elementor-element-55b2546 e-con-full e-flex e-con e-child\" data-id=\"55b2546\" data-element_type=\"container\" data-e-type=\"container\" data-settings=\"{&quot;_ha_eqh_enable&quot;:false}\">\n\t\t\t\t<div class=\"elementor-element elementor-element-1fc4c75 ha-has-bg-overlay elementor-widget elementor-widget-ha-member happy-addon ha-member\" data-id=\"1fc4c75\" data-element_type=\"widget\" data-e-type=\"widget\" data-widget_type=\"ha-member.default\">\n\t\t\t\t<div class=\"elementor-widget-container\">\n\t\t\t\t\t\n\t\t\t\t\t<figure class=\"ha-member-figure\">\n\t\t\t\t<img fetchpriority=\"high\" decoding=\"async\" width=\"800\" height=\"534\" src=\"https:\/\/www.dornsberg-schuetzen.de\/wp-content\/uploads\/2024\/06\/Markus_Leibinger-1024x683.jpg\" class=\"elementor-animation-disable-animation attachment-large size-large wp-image-758\" alt=\"\" srcset=\"https:\/\/www.dornsberg-schuetzen.de\/wp-content\/uploads\/2024\/06\/Markus_Leibinger-1024x683.jpg 1024w, https:\/\/www.dornsberg-schuetzen.de\/wp-content\/uploads\/2024\/06\/Markus_Leibinger-300x200.jpg 300w, https:\/\/www.dornsberg-schuetzen.de\/wp-content\/uploads\/2024\/06\/Markus_Leibinger-768x512.jpg 768w, https:\/\/www.dornsberg-schuetzen.de\/wp-content\/uploads\/2024\/06\/Markus_Leibinger-1536x1024.jpg 1536w, https:\/\/www.dornsberg-schuetzen.de\/wp-content\/uploads\/2024\/06\/Markus_Leibinger-2048x1365.jpg 2048w, https:\/\/www.dornsberg-schuetzen.de\/wp-content\/uploads\/2024\/06\/Markus_Leibinger-scaled.jpg 1920w\" sizes=\"(max-width: 800px) 100vw, 800px\" \/>\t\t\t<\/figure>\n\t\t\n\t\t<div class=\"ha-member-body\">\n\t\t\t<h2 class=\"ha-member-name\">Markus Leibinger<\/h2>\n\t\t\t\t\t\t\t<div class=\"ha-member-position\">President<\/div>\n\t\t\t\n\t\t\t\n\t\t\t\n\t\t\t\n\t\t\t\t\t<\/div>\n\t\t\t\t\t\t<\/div>\n\t\t\t\t<\/div>\n\t\t\t\t<\/div>\n\t\t<div class=\"elementor-element elementor-element-a318ba3 e-con-full e-flex e-con e-child\" data-id=\"a318ba3\" data-element_type=\"container\" data-e-type=\"container\" data-settings=\"{&quot;_ha_eqh_enable&quot;:false}\">\n\t\t\t\t<div class=\"elementor-element elementor-element-bdd7ba6 ha-has-bg-overlay elementor-widget elementor-widget-ha-member happy-addon ha-member\" data-id=\"bdd7ba6\" data-element_type=\"widget\" data-e-type=\"widget\" data-widget_type=\"ha-member.default\">\n\t\t\t\t<div class=\"elementor-widget-container\">\n\t\t\t\t\t\n\t\t\t\t\t<figure class=\"ha-member-figure\">\n\t\t\t\t<img decoding=\"async\" width=\"744\" height=\"979\" src=\"https:\/\/www.dornsberg-schuetzen.de\/wp-content\/uploads\/2024\/06\/Lena2023.jpg\" class=\"elementor-animation-disable-animation attachment-large size-large wp-image-646\" alt=\"\" srcset=\"https:\/\/www.dornsberg-schuetzen.de\/wp-content\/uploads\/2024\/06\/Lena2023.jpg 744w, https:\/\/www.dornsberg-schuetzen.de\/wp-content\/uploads\/2024\/06\/Lena2023-228x300.jpg 228w\" sizes=\"(max-width: 744px) 100vw, 744px\" \/>\t\t\t<\/figure>\n\t\t\n\t\t<div class=\"ha-member-body\">\n\t\t\t<h2 class=\"ha-member-name\">Lena Weigele<\/h2>\n\t\t\t\t\t\t\t<div class=\"ha-member-position\">Vice President and Treasurer<\/div>\n\t\t\t\n\t\t\t\n\t\t\t\n\t\t\t\n\t\t\t\t\t<\/div>\n\t\t\t\t\t\t<\/div>\n\t\t\t\t<\/div>\n\t\t\t\t<\/div>\n\t\t<div class=\"elementor-element elementor-element-0f97c98 e-con-full e-flex e-con e-child\" data-id=\"0f97c98\" data-element_type=\"container\" data-e-type=\"container\" data-settings=\"{&quot;_ha_eqh_enable&quot;:false}\">\n\t\t\t\t<div class=\"elementor-element elementor-element-815cf14 ha-has-bg-overlay elementor-widget elementor-widget-ha-member happy-addon ha-member\" data-id=\"815cf14\" data-element_type=\"widget\" data-e-type=\"widget\" data-widget_type=\"ha-member.default\">\n\t\t\t\t<div class=\"elementor-widget-container\">\n\t\t\t\t\t\n\t\t\t\t\t<figure class=\"ha-member-figure\">\n\t\t\t\t<img decoding=\"async\" width=\"665\" height=\"1024\" src=\"https:\/\/www.dornsberg-schuetzen.de\/wp-content\/uploads\/2024\/06\/Johann2023-665x1024.jpg\" class=\"elementor-animation-disable-animation attachment-large size-large wp-image-647\" alt=\"\" srcset=\"https:\/\/www.dornsberg-schuetzen.de\/wp-content\/uploads\/2024\/06\/Johann2023-665x1024.jpg 665w, https:\/\/www.dornsberg-schuetzen.de\/wp-content\/uploads\/2024\/06\/Johann2023-195x300.jpg 195w, https:\/\/www.dornsberg-schuetzen.de\/wp-content\/uploads\/2024\/06\/Johann2023-768x1183.jpg 768w, https:\/\/www.dornsberg-schuetzen.de\/wp-content\/uploads\/2024\/06\/Johann2023-997x1536.jpg 997w, https:\/\/www.dornsberg-schuetzen.de\/wp-content\/uploads\/2024\/06\/Johann2023.jpg 1039w\" sizes=\"(max-width: 665px) 100vw, 665px\" \/>\t\t\t<\/figure>\n\t\t\n\t\t<div class=\"ha-member-body\">\n\t\t\t<h2 class=\"ha-member-name\">Johann R\u00f6\u00dfle<\/h2>\n\t\t\t\t\t\t\t<div class=\"ha-member-position\">Sports Officer<\/div>\n\t\t\t\n\t\t\t\n\t\t\t\n\t\t\t\n\t\t\t\t\t<\/div>\n\t\t\t\t\t\t<\/div>\n\t\t\t\t<\/div>\n\t\t\t\t<\/div>\n\t\t<div class=\"elementor-element elementor-element-e622223 e-con-full e-flex e-con e-child\" data-id=\"e622223\" data-element_type=\"container\" data-e-type=\"container\" data-settings=\"{&quot;_ha_eqh_enable&quot;:false}\">\n\t\t\t\t<div class=\"elementor-element elementor-element-0132ae1 ha-has-bg-overlay elementor-widget elementor-widget-ha-member happy-addon ha-member\" data-id=\"0132ae1\" data-element_type=\"widget\" data-e-type=\"widget\" data-widget_type=\"ha-member.default\">\n\t\t\t\t<div class=\"elementor-widget-container\">\n\t\t\t\t\t\n\t\t\t\t\t<figure class=\"ha-member-figure\">\n\t\t\t\t<img loading=\"lazy\" decoding=\"async\" width=\"800\" height=\"534\" src=\"https:\/\/www.dornsberg-schuetzen.de\/wp-content\/uploads\/2024\/07\/Jegler-1024x683.jpg\" class=\"elementor-animation-disable-animation attachment-large size-large wp-image-796\" alt=\"\" srcset=\"https:\/\/www.dornsberg-schuetzen.de\/wp-content\/uploads\/2024\/07\/Jegler-1024x683.jpg 1024w, https:\/\/www.dornsberg-schuetzen.de\/wp-content\/uploads\/2024\/07\/Jegler-300x200.jpg 300w, https:\/\/www.dornsberg-schuetzen.de\/wp-content\/uploads\/2024\/07\/Jegler-768x512.jpg 768w, https:\/\/www.dornsberg-schuetzen.de\/wp-content\/uploads\/2024\/07\/Jegler-1536x1024.jpg 1536w, https:\/\/www.dornsberg-schuetzen.de\/wp-content\/uploads\/2024\/07\/Jegler-2048x1365.jpg 2048w, https:\/\/www.dornsberg-schuetzen.de\/wp-content\/uploads\/2024\/07\/Jegler-scaled.jpg 1920w\" sizes=\"(max-width: 800px) 100vw, 800px\" \/>\t\t\t<\/figure>\n\t\t\n\t\t<div class=\"ha-member-body\">\n\t\t\t<h2 class=\"ha-member-name\">Martina Jegler<\/h2>\n\t\t\t\t\t\t\t<div class=\"ha-member-position\">Secretary<\/div>\n\t\t\t\n\t\t\t\n\t\t\t\n\t\t\t\n\t\t\t\t\t<\/div>\n\t\t\t\t\t\t<\/div>\n\t\t\t\t<\/div>\n\t\t\t\t<\/div>\n\t\t<div class=\"elementor-element elementor-element-717c216 e-con-full e-flex e-con e-child\" data-id=\"717c216\" data-element_type=\"container\" data-e-type=\"container\" data-settings=\"{&quot;_ha_eqh_enable&quot;:false}\">\n\t\t\t\t<div class=\"elementor-element elementor-element-6a564cc ha-has-bg-overlay elementor-widget elementor-widget-ha-member happy-addon ha-member\" data-id=\"6a564cc\" data-element_type=\"widget\" data-e-type=\"widget\" data-widget_type=\"ha-member.default\">\n\t\t\t\t<div class=\"elementor-widget-container\">\n\t\t\t\t\t\n\t\t\t\t\t<figure class=\"ha-member-figure\">\n\t\t\t\t<img loading=\"lazy\" decoding=\"async\" width=\"768\" height=\"1024\" src=\"https:\/\/www.dornsberg-schuetzen.de\/wp-content\/uploads\/2025\/06\/JK-768x1024.jpg\" class=\"elementor-animation-disable-animation attachment-large size-large wp-image-3169\" alt=\"\" srcset=\"https:\/\/www.dornsberg-schuetzen.de\/wp-content\/uploads\/2025\/06\/JK-768x1024.jpg 768w, https:\/\/www.dornsberg-schuetzen.de\/wp-content\/uploads\/2025\/06\/JK-225x300.jpg 225w, https:\/\/www.dornsberg-schuetzen.de\/wp-content\/uploads\/2025\/06\/JK-1152x1536.jpg 1152w, https:\/\/www.dornsberg-schuetzen.de\/wp-content\/uploads\/2025\/06\/JK.jpg 1200w\" sizes=\"(max-width: 768px) 100vw, 768px\" \/>\t\t\t<\/figure>\n\t\t\n\t\t<div class=\"ha-member-body\">\n\t\t\t<h2 class=\"ha-member-name\">Johannes Kesselstatt<\/h2>\n\t\t\t\t\t\t\t<div class=\"ha-member-position\">Course Design<\/div>\n\t\t\t\n\t\t\t\n\t\t\t\n\t\t\t\n\t\t\t\t\t<\/div>\n\t\t\t\t\t\t<\/div>\n\t\t\t\t<\/div>\n\t\t\t\t<\/div>\n\t\t\t\t\t<\/div>\n\t\t\t\t<\/div>\n\t\t\t\t<div class=\"elementor-element elementor-element-bff45de elementor-widget elementor-widget-text-editor\" data-id=\"bff45de\" data-element_type=\"widget\" data-e-type=\"widget\" data-widget_type=\"text-editor.default\">\n\t\t\t\t<div class=\"elementor-widget-container\">\n\t\t\t\t\t\t\t\t\t<p>E-Mail: <a href=\"mailto:vorstand@dornsberg-schuetzen.de\">vorstand@dornsberg-schuetzen.de<\/a><\/p><p><strong>IMPORTANT!<\/strong><\/p><p>This email is intended solely for direct contact with the Executive Board.<\/p><p>For appointment requests, registrations, or group requests, etc., please send an email to:<\/p><p><strong>\u00a0<\/strong> <a href=\"mailto:info@dornsberg-schuetzen.de\">info@dornsberg-schuetzen.de<\/a><\/p>\t\t\t\t\t\t\t\t<\/div>\n\t\t\t\t<\/div>\n\t\t\t\t\t<\/div>\n\t\t\t\t<\/div>\n\t\t\t\t<\/div>","protected":false},"excerpt":{"rendered":"<p>Ihr Vorstand Markus Leibinger 1. Vorsitzender Lena Weigele 2. Vorsitzende und Schatzmeister Johann R\u00f6\u00dfle Sportwart Martina Jegler Schriftf\u00fchrerin Johannes Kesselstatt Parcoursdesign E-Mail: vorstand@dornsberg-schuetzen.de WICHTIG! Diese E-Mail dient ausschlie\u00dflich dem direkten Kontakt mit dem Vorstand. F\u00fcr Terminanfragen, Anmeldungen oder Rottenw\u00fcnsche usw. senden Sie die E-Mail bitte an: \u00a0 info@dornsberg-schuetzen.de<\/p>","protected":false},"author":1,"featured_media":0,"parent":0,"menu_order":0,"comment_status":"closed","ping_status":"closed","template":"","meta":{"footnotes":""},"class_list":["post-120","page","type-page","status-publish","hentry"],"_links":{"self":[{"href":"https:\/\/www.dornsberg-schuetzen.de\/en\/wp-json\/wp\/v2\/pages\/120","targetHints":{"allow":["GET"]}}],"collection":[{"href":"https:\/\/www.dornsberg-schuetzen.de\/en\/wp-json\/wp\/v2\/pages"}],"about":[{"href":"https:\/\/www.dornsberg-schuetzen.de\/en\/wp-json\/wp\/v2\/types\/page"}],"author":[{"embeddable":true,"href":"https:\/\/www.dornsberg-schuetzen.de\/en\/wp-json\/wp\/v2\/users\/1"}],"replies":[{"embeddable":true,"href":"https:\/\/www.dornsberg-schuetzen.de\/en\/wp-json\/wp\/v2\/comments?post=120"}],"version-history":[{"count":38,"href":"https:\/\/www.dornsberg-schuetzen.de\/en\/wp-json\/wp\/v2\/pages\/120\/revisions"}],"predecessor-version":[{"id":3172,"href":"https:\/\/www.dornsberg-schuetzen.de\/en\/wp-json\/wp\/v2\/pages\/120\/revisions\/3172"}],"wp:attachment":[{"href":"https:\/\/www.dornsberg-schuetzen.de\/en\/wp-json\/wp\/v2\/media?parent=120"}],"curies":[{"name":"wp","href":"https:\/\/api.w.org\/{rel}","templated":true}]}}