{"id":21,"date":"2024-03-27T12:49:32","date_gmt":"2024-03-27T11:49:32","guid":{"rendered":"https:\/\/www.dornsberg-schuetzen.de\/?page_id=21"},"modified":"2024-11-01T09:54:56","modified_gmt":"2024-11-01T08:54:56","slug":"impressum","status":"publish","type":"page","link":"https:\/\/www.dornsberg-schuetzen.de\/en\/impressum\/","title":{"rendered":"Imprint"},"content":{"rendered":"<div data-elementor-type=\"wp-page\" data-elementor-id=\"21\" class=\"elementor elementor-21\" data-elementor-settings=\"{&quot;ha_cmc_init_switcher&quot;:&quot;no&quot;}\" data-elementor-post-type=\"page\">\n\t\t\t\t<div class=\"elementor-element elementor-element-f687616 e-flex e-con-boxed e-con e-parent\" data-id=\"f687616\" data-element_type=\"container\" data-e-type=\"container\" data-settings=\"{&quot;background_background&quot;:&quot;classic&quot;,&quot;_ha_eqh_enable&quot;:false}\">\n\t\t\t\t\t<div class=\"e-con-inner\">\n\t\t\t\t<div class=\"elementor-element elementor-element-ad2e7b7 elementor-widget elementor-widget-heading\" data-id=\"ad2e7b7\" data-element_type=\"widget\" data-e-type=\"widget\" data-widget_type=\"heading.default\">\n\t\t\t\t<div class=\"elementor-widget-container\">\n\t\t\t\t\t<h2 class=\"elementor-heading-title elementor-size-default\">Imprint<\/h2>\t\t\t\t<\/div>\n\t\t\t\t<\/div>\n\t\t\t\t<div class=\"elementor-element elementor-element-6a3113b elementor-widget-divider--view-line_icon elementor-view-default elementor-widget-divider--element-align-center elementor-widget elementor-widget-divider\" data-id=\"6a3113b\" data-element_type=\"widget\" data-e-type=\"widget\" data-widget_type=\"divider.default\">\n\t\t\t\t<div class=\"elementor-widget-container\">\n\t\t\t\t\t\t\t<div class=\"elementor-divider\">\n\t\t\t<span class=\"elementor-divider-separator\">\n\t\t\t\t\t\t\t<div class=\"elementor-icon elementor-divider__element\">\n\t\t\t\t\t<svg aria-hidden=\"true\" class=\"e-font-icon-svg e-far-file\" viewbox=\"0 0 384 512\" xmlns=\"http:\/\/www.w3.org\/2000\/svg\"><path d=\"M369.9 97.9L286 14C277 5 264.8-.1 252.1-.1H48C21.5 0 0 21.5 0 48v416c0 26.5 21.5 48 48 48h288c26.5 0 48-21.5 48-48V131.9c0-12.7-5.1-25-14.1-34zM332.1 128H256V51.9l76.1 76.1zM48 464V48h160v104c0 13.3 10.7 24 24 24h104v288H48z\"><\/path><\/svg><\/div>\n\t\t\t\t\t\t<\/span>\n\t\t<\/div>\n\t\t\t\t\t\t<\/div>\n\t\t\t\t<\/div>\n\t\t\t\t<div class=\"elementor-element elementor-element-cd6c589 elementor-widget elementor-widget-text-editor\" data-id=\"cd6c589\" data-element_type=\"widget\" data-e-type=\"widget\" data-widget_type=\"text-editor.default\">\n\t\t\t\t<div class=\"elementor-widget-container\">\n\t\t\t\t\t\t\t\t\t<p><strong>Dornsberg Sch\u00fctzen e.V.<\/strong><br \/><strong>Oberer Dornsberg 1<\/strong><br \/><strong>78253 Eigeltingen<\/strong><\/p><p>Represented by:<\/p><ul><li>Markus Leibinger, President<\/li><li>Lena Weigele, Vice President, Treasurer<\/li><li>Martina Jegler, Secretary<\/li><li>Johann R\u00f6\u00dfle, Sports Director<\/li><\/ul><p>Register court: Freiburg i. Br. Local Court<br \/>Register: VR 590257<\/p><p>Web: <a href=\"https:\/\/www.dornsberg-schuetzen.de\/en\/\" target=\"_blank\" rel=\"noopener\">www.dornsberg-schuetzen.de<\/a><\/p><p>Email: <a href=\"mailto:info@dornsberg-schuetzen.de\" target=\"_blank\" rel=\"noopener\">info@dornsberg-schuetzen.de<\/a><\/p><p>Phone: <a href=\"tel:004977746517\" target=\"_blank\" rel=\"noopener\">+49 (0)7774 \/ 6517 (Waffengesch\u00e4ft)<\/a><\/p><p><strong>Legal information<\/strong><\/p><p>The information on this website is regularly updated and carefully checked by Dornsberg Sch\u00fctzen e.V.<\/p><p>Nevertheless, Dornsberg Sch\u00fctzen e.V. cannot accept any liability or guarantee for the topicality, correctness, and completeness of the information provided. The same applies to the content of websites referred to via hyperlinks.<\/p><p>Dornsberg Sch\u00fctzen e.V. is not responsible for the content of websites accessed via such links.<\/p><p>The reproduction of information and files, in particular the use of texts and parts of texts, requires the prior consent of Dornsberg Sch\u00fctzen e.V..<\/p>\t\t\t\t\t\t\t\t<\/div>\n\t\t\t\t<\/div>\n\t\t\t\t\t<\/div>\n\t\t\t\t<\/div>\n\t\t\t\t<\/div>","protected":false},"excerpt":{"rendered":"<p>Impressum Dornsberg Sch\u00fctzen e.V.Oberer Dornsberg 178253 Eigeltingen Vertreten durch: Markus Leibinger, 1.Vorsitzender Lena Weigele, 2. Vorsitzende, Schatzmeister Martina Jegler, Schriftf\u00fchrerin Johann R\u00f6\u00dfle, Sportwart Registergericht: Amtsgericht Freiburg i. Br.Register: VR 590257 Internet: www.dornsberg-schuetzen.de Email: info@dornsberg-schuetzen.de Telefon: +49 (0)7774 \/ 6517 (Waffengesch\u00e4ft) Rechtliche Hinweise Die Informationen auf dieser Webseite werden durch Dornsberg Sch\u00fctzen e.V. regelm\u00e4\u00dfig aktualisiert und [&hellip;]<\/p>\n","protected":false},"author":1,"featured_media":0,"parent":0,"menu_order":0,"comment_status":"closed","ping_status":"closed","template":"","meta":{"footnotes":""},"class_list":["post-21","page","type-page","status-publish","hentry"],"_links":{"self":[{"href":"https:\/\/www.dornsberg-schuetzen.de\/en\/wp-json\/wp\/v2\/pages\/21","targetHints":{"allow":["GET"]}}],"collection":[{"href":"https:\/\/www.dornsberg-schuetzen.de\/en\/wp-json\/wp\/v2\/pages"}],"about":[{"href":"https:\/\/www.dornsberg-schuetzen.de\/en\/wp-json\/wp\/v2\/types\/page"}],"author":[{"embeddable":true,"href":"https:\/\/www.dornsberg-schuetzen.de\/en\/wp-json\/wp\/v2\/users\/1"}],"replies":[{"embeddable":true,"href":"https:\/\/www.dornsberg-schuetzen.de\/en\/wp-json\/wp\/v2\/comments?post=21"}],"version-history":[{"count":19,"href":"https:\/\/www.dornsberg-schuetzen.de\/en\/wp-json\/wp\/v2\/pages\/21\/revisions"}],"predecessor-version":[{"id":1817,"href":"https:\/\/www.dornsberg-schuetzen.de\/en\/wp-json\/wp\/v2\/pages\/21\/revisions\/1817"}],"wp:attachment":[{"href":"https:\/\/www.dornsberg-schuetzen.de\/en\/wp-json\/wp\/v2\/media?parent=21"}],"curies":[{"name":"wp","href":"https:\/\/api.w.org\/{rel}","templated":true}]}}