{"id":507,"date":"2024-06-27T12:09:47","date_gmt":"2024-06-27T10:09:47","guid":{"rendered":"https:\/\/www.dornsberg-schuetzen.de\/?page_id=507"},"modified":"2024-06-27T16:06:53","modified_gmt":"2024-06-27T14:06:53","slug":"sport-und-freizeitmoeglichkeiten","status":"publish","type":"page","link":"https:\/\/www.dornsberg-schuetzen.de\/en\/sport-und-freizeitmoeglichkeiten\/","title":{"rendered":"Sports and leisure activities"},"content":{"rendered":"<div data-elementor-type=\"wp-page\" data-elementor-id=\"507\" class=\"elementor elementor-507\" data-elementor-settings=\"{&quot;ha_cmc_init_switcher&quot;:&quot;no&quot;}\" data-elementor-post-type=\"page\">\n\t\t\t\t<div class=\"elementor-element elementor-element-83f22eb e-flex e-con-boxed e-con e-parent\" data-id=\"83f22eb\" data-element_type=\"container\" data-e-type=\"container\" data-settings=\"{&quot;background_background&quot;:&quot;classic&quot;,&quot;_ha_eqh_enable&quot;:false}\">\n\t\t\t\t\t<div class=\"e-con-inner\">\n\t\t\t\t\t<\/div>\n\t\t\t\t<\/div>\n\t\t<div class=\"elementor-element elementor-element-e284d56 e-flex e-con-boxed e-con e-parent\" data-id=\"e284d56\" data-element_type=\"container\" data-e-type=\"container\" data-settings=\"{&quot;background_background&quot;:&quot;classic&quot;,&quot;shape_divider_bottom&quot;:&quot;mountains&quot;,&quot;_ha_eqh_enable&quot;:false}\">\n\t\t\t\t\t<div class=\"e-con-inner\">\n\t\t\t\t<div class=\"elementor-shape elementor-shape-bottom\" aria-hidden=\"true\" data-negative=\"false\">\n\t\t\t<svg xmlns=\"http:\/\/www.w3.org\/2000\/svg\" viewbox=\"0 0 1000 100\" preserveaspectratio=\"none\">\n\t<path class=\"elementor-shape-fill\" opacity=\"0.33\" d=\"M473,67.3c-203.9,88.3-263.1-34-320.3,0C66,119.1,0,59.7,0,59.7V0h1000v59.7 c0,0-62.1,26.1-94.9,29.3c-32.8,3.3-62.8-12.3-75.8-22.1C806,49.6,745.3,8.7,694.9,4.7S492.4,59,473,67.3z\"\/>\n\t<path class=\"elementor-shape-fill\" opacity=\"0.66\" d=\"M734,67.3c-45.5,0-77.2-23.2-129.1-39.1c-28.6-8.7-150.3-10.1-254,39.1 s-91.7-34.4-149.2,0C115.7,118.3,0,39.8,0,39.8V0h1000v36.5c0,0-28.2-18.5-92.1-18.5C810.2,18.1,775.7,67.3,734,67.3z\"\/>\n\t<path class=\"elementor-shape-fill\" d=\"M766.1,28.9c-200-57.5-266,65.5-395.1,19.5C242,1.8,242,5.4,184.8,20.6C128,35.8,132.3,44.9,89.9,52.5C28.6,63.7,0,0,0,0 h1000c0,0-9.9,40.9-83.6,48.1S829.6,47,766.1,28.9z\"\/>\n<\/svg>\t\t<\/div>\n\t\t\t\t<div class=\"elementor-element elementor-element-a635bb0 elementor-widget elementor-widget-heading\" data-id=\"a635bb0\" data-element_type=\"widget\" data-e-type=\"widget\" data-widget_type=\"heading.default\">\n\t\t\t\t<div class=\"elementor-widget-container\">\n\t\t\t\t\t<h2 class=\"elementor-heading-title elementor-size-default\">Sports and leisure activities<\/h2>\t\t\t\t<\/div>\n\t\t\t\t<\/div>\n\t\t\t\t<div class=\"elementor-element elementor-element-d522b2c elementor-widget-divider--view-line elementor-widget elementor-widget-divider\" data-id=\"d522b2c\" data-element_type=\"widget\" data-e-type=\"widget\" data-widget_type=\"divider.default\">\n\t\t\t\t<div class=\"elementor-widget-container\">\n\t\t\t\t\t\t\t<div class=\"elementor-divider\">\n\t\t\t<span class=\"elementor-divider-separator\">\n\t\t\t\t\t\t<\/span>\n\t\t<\/div>\n\t\t\t\t\t\t<\/div>\n\t\t\t\t<\/div>\n\t\t<div class=\"elementor-element elementor-element-a6633f8 e-con-full e-flex e-con e-child\" data-id=\"a6633f8\" data-element_type=\"container\" data-e-type=\"container\" data-settings=\"{&quot;_ha_eqh_enable&quot;:false}\">\n\t\t<div class=\"elementor-element elementor-element-989dd30 e-con-full e-flex e-con e-child\" data-id=\"989dd30\" data-element_type=\"container\" data-e-type=\"container\" data-settings=\"{&quot;_ha_eqh_enable&quot;:false}\">\n\t\t\t\t<div class=\"elementor-element elementor-element-8b423cd elementor-widget elementor-widget-text-editor\" data-id=\"8b423cd\" data-element_type=\"widget\" data-e-type=\"widget\" data-widget_type=\"text-editor.default\">\n\t\t\t\t<div class=\"elementor-widget-container\">\n\t\t\t\t\t\t\t\t\t<section class=\"elementor-section elementor-top-section elementor-element elementor-element-b7cd1fd elementor-section-boxed elementor-section-height-default elementor-section-height-default\" data-id=\"b7cd1fd\" data-element_type=\"section\" data-settings=\"{&quot;_ha_eqh_enable&quot;:false}\"><div class=\"elementor-container elementor-column-gap-default\"><div class=\"elementor-row\"><div class=\"elementor-column elementor-col-100 elementor-top-column elementor-element elementor-element-c34e748\" data-id=\"c34e748\" data-element_type=\"column\"><div class=\"elementor-column-wrap elementor-element-populated\"><div class=\"elementor-widget-wrap\"><div class=\"elementor-element elementor-element-790f201 elementor-widget elementor-widget-text-editor\" data-id=\"790f201\" data-element_type=\"widget\" data-widget_type=\"text-editor.default\"><div class=\"elementor-widget-container\"><div class=\"elementor-text-editor elementor-clearfix\"><div class=\"csc-textpic-text\"><p class=\"bodytext\">Just the right balance to stressful everyday life and a great opportunity to discover your talent for shooting sports.<\/p><p class=\"bodytext\">A visit to nearby Lake Constance offers additional leisure opportunities. This means that even family members who are not enthusiastic about shooting sports will get their money's worth.<\/p><\/div><\/div><\/div><\/div><\/div><\/div><\/div><\/div><\/div><\/section>\t\t\t\t\t\t\t\t<\/div>\n\t\t\t\t<\/div>\n\t\t\t\t<\/div>\n\t\t\t\t<div class=\"elementor-element elementor-element-6f7f41f elementor-widget elementor-widget-ha-image-compare happy-addon ha-image-compare\" data-id=\"6f7f41f\" data-element_type=\"widget\" data-e-type=\"widget\" data-widget_type=\"ha-image-compare.default\">\n\t\t\t\t<div class=\"elementor-widget-container\">\n\t\t\t\t\t        <div class=\"twentytwenty-container hajs-image-comparison\" data-happy-settings=\"{&quot;default_offset_pct&quot;:0.5,&quot;orientation&quot;:&quot;horizontal&quot;,&quot;no_overlay&quot;:true,&quot;move_handle&quot;:&quot;on_swipe&quot;,&quot;before_label&quot;:&quot;Dornsberg&quot;,&quot;after_label&quot;:&quot;Bodensee&quot;}\">\n            <img fetchpriority=\"high\" decoding=\"async\" width=\"1000\" height=\"666\" src=\"https:\/\/www.dornsberg-schuetzen.de\/wp-content\/uploads\/2024\/06\/dornsberg-landesjagdschule-jagdparcours-restaurant.jpg\" class=\"elementor-animation-disable-animation attachment-full size-full wp-image-512\" alt=\"\" srcset=\"https:\/\/www.dornsberg-schuetzen.de\/wp-content\/uploads\/2024\/06\/dornsberg-landesjagdschule-jagdparcours-restaurant.jpg 1000w, https:\/\/www.dornsberg-schuetzen.de\/wp-content\/uploads\/2024\/06\/dornsberg-landesjagdschule-jagdparcours-restaurant-300x200.jpg 300w, https:\/\/www.dornsberg-schuetzen.de\/wp-content\/uploads\/2024\/06\/dornsberg-landesjagdschule-jagdparcours-restaurant-768x511.jpg 768w\" sizes=\"(max-width: 1000px) 100vw, 1000px\" \/><img decoding=\"async\" width=\"1920\" height=\"1440\" src=\"https:\/\/www.dornsberg-schuetzen.de\/wp-content\/uploads\/2024\/06\/pexels-masoodaslami-13288436-scaled.jpg\" class=\"elementor-animation-disable-animation attachment-full size-full wp-image-513\" alt=\"\" srcset=\"https:\/\/www.dornsberg-schuetzen.de\/wp-content\/uploads\/2024\/06\/pexels-masoodaslami-13288436-scaled.jpg 1920w, https:\/\/www.dornsberg-schuetzen.de\/wp-content\/uploads\/2024\/06\/pexels-masoodaslami-13288436-300x225.jpg 300w, https:\/\/www.dornsberg-schuetzen.de\/wp-content\/uploads\/2024\/06\/pexels-masoodaslami-13288436-1024x768.jpg 1024w, https:\/\/www.dornsberg-schuetzen.de\/wp-content\/uploads\/2024\/06\/pexels-masoodaslami-13288436-768x576.jpg 768w, https:\/\/www.dornsberg-schuetzen.de\/wp-content\/uploads\/2024\/06\/pexels-masoodaslami-13288436-1536x1152.jpg 1536w, https:\/\/www.dornsberg-schuetzen.de\/wp-content\/uploads\/2024\/06\/pexels-masoodaslami-13288436-2048x1536.jpg 2048w\" sizes=\"(max-width: 1920px) 100vw, 1920px\" \/>        <\/div>\n        \t\t\t\t<\/div>\n\t\t\t\t<\/div>\n\t\t\t\t<\/div>\n\t\t\t\t\t<\/div>\n\t\t\t\t<\/div>\n\t\t\t\t<\/div>","protected":false},"excerpt":{"rendered":"<p>Sport- und Freizeitm\u00f6glichkeiten Genau der richtige Ausgleich zum stressigen Alltag und eine tolle M\u00f6glichkeit, sein Talent f\u00fcr den Schie\u00dfsport zu entdecken. Zus\u00e4tzliche Freizeitm\u00f6glichkeiten bietet der Besuch des nahe gelegenen Bodensees. So kommen auch Familienangeh\u00f6rige, die sich nicht f\u00fcr den Schie\u00dfsport begeistern k\u00f6nnen, auf ihre Kosten.<\/p>","protected":false},"author":1,"featured_media":0,"parent":0,"menu_order":0,"comment_status":"closed","ping_status":"closed","template":"","meta":{"footnotes":""},"class_list":["post-507","page","type-page","status-publish","hentry"],"_links":{"self":[{"href":"https:\/\/www.dornsberg-schuetzen.de\/en\/wp-json\/wp\/v2\/pages\/507","targetHints":{"allow":["GET"]}}],"collection":[{"href":"https:\/\/www.dornsberg-schuetzen.de\/en\/wp-json\/wp\/v2\/pages"}],"about":[{"href":"https:\/\/www.dornsberg-schuetzen.de\/en\/wp-json\/wp\/v2\/types\/page"}],"author":[{"embeddable":true,"href":"https:\/\/www.dornsberg-schuetzen.de\/en\/wp-json\/wp\/v2\/users\/1"}],"replies":[{"embeddable":true,"href":"https:\/\/www.dornsberg-schuetzen.de\/en\/wp-json\/wp\/v2\/comments?post=507"}],"version-history":[{"count":10,"href":"https:\/\/www.dornsberg-schuetzen.de\/en\/wp-json\/wp\/v2\/pages\/507\/revisions"}],"predecessor-version":[{"id":725,"href":"https:\/\/www.dornsberg-schuetzen.de\/en\/wp-json\/wp\/v2\/pages\/507\/revisions\/725"}],"wp:attachment":[{"href":"https:\/\/www.dornsberg-schuetzen.de\/en\/wp-json\/wp\/v2\/media?parent=507"}],"curies":[{"name":"wp","href":"https:\/\/api.w.org\/{rel}","templated":true}]}}