{"id":517,"date":"2024-06-27T12:14:42","date_gmt":"2024-06-27T10:14:42","guid":{"rendered":"https:\/\/www.dornsberg-schuetzen.de\/?page_id=517"},"modified":"2026-04-24T12:00:23","modified_gmt":"2026-04-24T10:00:23","slug":"gastronomie","status":"publish","type":"page","link":"https:\/\/www.dornsberg-schuetzen.de\/en\/gastronomie\/","title":{"rendered":"Restaurant"},"content":{"rendered":"<div data-elementor-type=\"wp-page\" data-elementor-id=\"517\" class=\"elementor elementor-517\" data-elementor-settings=\"{&quot;ha_cmc_init_switcher&quot;:&quot;no&quot;}\" data-elementor-post-type=\"page\">\n\t\t\t\t<div class=\"elementor-element elementor-element-83f22eb e-flex e-con-boxed e-con e-parent\" data-id=\"83f22eb\" data-element_type=\"container\" data-e-type=\"container\" data-settings=\"{&quot;background_background&quot;:&quot;classic&quot;,&quot;_ha_eqh_enable&quot;:false}\">\n\t\t\t\t\t<div class=\"e-con-inner\">\n\t\t\t\t\t<\/div>\n\t\t\t\t<\/div>\n\t\t<div class=\"elementor-element elementor-element-e284d56 e-flex e-con-boxed e-con e-parent\" data-id=\"e284d56\" data-element_type=\"container\" data-e-type=\"container\" data-settings=\"{&quot;background_background&quot;:&quot;classic&quot;,&quot;shape_divider_bottom&quot;:&quot;mountains&quot;,&quot;_ha_eqh_enable&quot;:false}\">\n\t\t\t\t\t<div class=\"e-con-inner\">\n\t\t\t\t<div class=\"elementor-shape elementor-shape-bottom\" aria-hidden=\"true\" data-negative=\"false\">\n\t\t\t<svg xmlns=\"http:\/\/www.w3.org\/2000\/svg\" viewbox=\"0 0 1000 100\" preserveaspectratio=\"none\">\n\t<path class=\"elementor-shape-fill\" opacity=\"0.33\" d=\"M473,67.3c-203.9,88.3-263.1-34-320.3,0C66,119.1,0,59.7,0,59.7V0h1000v59.7 c0,0-62.1,26.1-94.9,29.3c-32.8,3.3-62.8-12.3-75.8-22.1C806,49.6,745.3,8.7,694.9,4.7S492.4,59,473,67.3z\"\/>\n\t<path class=\"elementor-shape-fill\" opacity=\"0.66\" d=\"M734,67.3c-45.5,0-77.2-23.2-129.1-39.1c-28.6-8.7-150.3-10.1-254,39.1 s-91.7-34.4-149.2,0C115.7,118.3,0,39.8,0,39.8V0h1000v36.5c0,0-28.2-18.5-92.1-18.5C810.2,18.1,775.7,67.3,734,67.3z\"\/>\n\t<path class=\"elementor-shape-fill\" d=\"M766.1,28.9c-200-57.5-266,65.5-395.1,19.5C242,1.8,242,5.4,184.8,20.6C128,35.8,132.3,44.9,89.9,52.5C28.6,63.7,0,0,0,0 h1000c0,0-9.9,40.9-83.6,48.1S829.6,47,766.1,28.9z\"\/>\n<\/svg>\t\t<\/div>\n\t\t\t\t<div class=\"elementor-element elementor-element-a635bb0 elementor-widget elementor-widget-heading\" data-id=\"a635bb0\" data-element_type=\"widget\" data-e-type=\"widget\" data-widget_type=\"heading.default\">\n\t\t\t\t<div class=\"elementor-widget-container\">\n\t\t\t\t\t<h2 class=\"elementor-heading-title elementor-size-default\">Restaurant<\/h2>\t\t\t\t<\/div>\n\t\t\t\t<\/div>\n\t\t\t\t<div class=\"elementor-element elementor-element-d522b2c elementor-widget-divider--view-line elementor-widget elementor-widget-divider\" data-id=\"d522b2c\" data-element_type=\"widget\" data-e-type=\"widget\" data-widget_type=\"divider.default\">\n\t\t\t\t<div class=\"elementor-widget-container\">\n\t\t\t\t\t\t\t<div class=\"elementor-divider\">\n\t\t\t<span class=\"elementor-divider-separator\">\n\t\t\t\t\t\t<\/span>\n\t\t<\/div>\n\t\t\t\t\t\t<\/div>\n\t\t\t\t<\/div>\n\t\t<div class=\"elementor-element elementor-element-a6633f8 e-con-full e-flex e-con e-child\" data-id=\"a6633f8\" data-element_type=\"container\" data-e-type=\"container\" data-settings=\"{&quot;_ha_eqh_enable&quot;:false}\">\n\t\t<div class=\"elementor-element elementor-element-989dd30 e-con-full e-flex e-con e-child\" data-id=\"989dd30\" data-element_type=\"container\" data-e-type=\"container\" data-settings=\"{&quot;_ha_eqh_enable&quot;:false}\">\n\t\t\t\t<div class=\"elementor-element elementor-element-8b423cd elementor-widget elementor-widget-text-editor\" data-id=\"8b423cd\" data-element_type=\"widget\" data-e-type=\"widget\" data-widget_type=\"text-editor.default\">\n\t\t\t\t<div class=\"elementor-widget-container\">\n\t\t\t\t\t\t\t\t\t<h3><strong>We look forward to welcoming you to our Dornsberg Restaurant!<\/strong><\/h3><h3><strong>\u00a0<\/strong><\/h3>\t\t\t\t\t\t\t\t<\/div>\n\t\t\t\t<\/div>\n\t\t\t\t<div class=\"elementor-element elementor-element-e45bd53 elementor-widget elementor-widget-image\" data-id=\"e45bd53\" data-element_type=\"widget\" data-e-type=\"widget\" data-widget_type=\"image.default\">\n\t\t\t\t<div class=\"elementor-widget-container\">\n\t\t\t\t\t\t\t\t\t\t\t\t\t\t\t<img fetchpriority=\"high\" decoding=\"async\" width=\"571\" height=\"1024\" src=\"https:\/\/www.dornsberg-schuetzen.de\/wp-content\/uploads\/2026\/04\/Muttertagsbrunch-Dornsberg-2026-571x1024.jpg\" class=\"attachment-large size-large wp-image-4464\" alt=\"\" srcset=\"https:\/\/www.dornsberg-schuetzen.de\/wp-content\/uploads\/2026\/04\/Muttertagsbrunch-Dornsberg-2026-571x1024.jpg 571w, https:\/\/www.dornsberg-schuetzen.de\/wp-content\/uploads\/2026\/04\/Muttertagsbrunch-Dornsberg-2026-167x300.jpg 167w, https:\/\/www.dornsberg-schuetzen.de\/wp-content\/uploads\/2026\/04\/Muttertagsbrunch-Dornsberg-2026-7x12.jpg 7w, https:\/\/www.dornsberg-schuetzen.de\/wp-content\/uploads\/2026\/04\/Muttertagsbrunch-Dornsberg-2026.jpg 768w\" sizes=\"(max-width: 571px) 100vw, 571px\" \/>\t\t\t\t\t\t\t\t\t\t\t\t\t\t\t<\/div>\n\t\t\t\t<\/div>\n\t\t\t\t<div class=\"elementor-element elementor-element-9c230bd elementor-widget-divider--view-line elementor-widget elementor-widget-divider\" data-id=\"9c230bd\" data-element_type=\"widget\" data-e-type=\"widget\" data-widget_type=\"divider.default\">\n\t\t\t\t<div class=\"elementor-widget-container\">\n\t\t\t\t\t\t\t<div class=\"elementor-divider\">\n\t\t\t<span class=\"elementor-divider-separator\">\n\t\t\t\t\t\t<\/span>\n\t\t<\/div>\n\t\t\t\t\t\t<\/div>\n\t\t\t\t<\/div>\n\t\t\t\t<div class=\"elementor-element elementor-element-210bfdd elementor-widget elementor-widget-image\" data-id=\"210bfdd\" data-element_type=\"widget\" data-e-type=\"widget\" data-widget_type=\"image.default\">\n\t\t\t\t<div class=\"elementor-widget-container\">\n\t\t\t\t\t\t\t\t\t\t\t\t\t\t\t<img decoding=\"async\" width=\"572\" height=\"1024\" src=\"https:\/\/www.dornsberg-schuetzen.de\/wp-content\/uploads\/2026\/03\/Restaurant_Save-the-Date26-572x1024.jpg\" class=\"attachment-large size-large wp-image-4304\" alt=\"\" srcset=\"https:\/\/www.dornsberg-schuetzen.de\/wp-content\/uploads\/2026\/03\/Restaurant_Save-the-Date26-572x1024.jpg 572w, https:\/\/www.dornsberg-schuetzen.de\/wp-content\/uploads\/2026\/03\/Restaurant_Save-the-Date26-167x300.jpg 167w, https:\/\/www.dornsberg-schuetzen.de\/wp-content\/uploads\/2026\/03\/Restaurant_Save-the-Date26-7x12.jpg 7w, https:\/\/www.dornsberg-schuetzen.de\/wp-content\/uploads\/2026\/03\/Restaurant_Save-the-Date26.jpg 768w\" sizes=\"(max-width: 572px) 100vw, 572px\" \/>\t\t\t\t\t\t\t\t\t\t\t\t\t\t\t<\/div>\n\t\t\t\t<\/div>\n\t\t\t\t<div class=\"elementor-element elementor-element-74877e1 elementor-widget-divider--view-line elementor-widget elementor-widget-divider\" data-id=\"74877e1\" data-element_type=\"widget\" data-e-type=\"widget\" data-widget_type=\"divider.default\">\n\t\t\t\t<div class=\"elementor-widget-container\">\n\t\t\t\t\t\t\t<div class=\"elementor-divider\">\n\t\t\t<span class=\"elementor-divider-separator\">\n\t\t\t\t\t\t<\/span>\n\t\t<\/div>\n\t\t\t\t\t\t<\/div>\n\t\t\t\t<\/div>\n\t\t\t\t<div class=\"elementor-element elementor-element-2993b9a elementor-widget-divider--view-line elementor-widget elementor-widget-divider\" data-id=\"2993b9a\" data-element_type=\"widget\" data-e-type=\"widget\" data-widget_type=\"divider.default\">\n\t\t\t\t<div class=\"elementor-widget-container\">\n\t\t\t\t\t\t\t<div class=\"elementor-divider\">\n\t\t\t<span class=\"elementor-divider-separator\">\n\t\t\t\t\t\t<\/span>\n\t\t<\/div>\n\t\t\t\t\t\t<\/div>\n\t\t\t\t<\/div>\n\t\t\t\t<div class=\"elementor-element elementor-element-b10675e elementor-widget elementor-widget-text-editor\" data-id=\"b10675e\" data-element_type=\"widget\" data-e-type=\"widget\" data-widget_type=\"text-editor.default\">\n\t\t\t\t<div class=\"elementor-widget-container\">\n\t\t\t\t\t\t\t\t\t<p>Dornsberg Restaurant<br \/>Oberer Dornsberg 1<br \/>78253 Eigeltingen<\/p><div><strong>\u00d6ffnungszeiten ab 04. M\u00e4rz 2026:<\/strong><\/div><div>Monday &amp; Tuesday: Closed<\/div><div>Wednesday to Saturday: 10:00 a.m. \u2013 6:00 p.m.<\/div><div><span style=\"text-decoration: underline;\"><strong>Contact<\/strong><\/span><\/div><p>Phone: <a href=\"tel:0049151165\" target=\"_blank\" rel=\"noopener\">+49 15116544055<\/a><\/p><p>Email: <a href=\"mailto:restaurant-dornsberg@vinoll.de\">restaurant@dornsberg-schuetzen.de<\/a><\/p>\t\t\t\t\t\t\t\t<\/div>\n\t\t\t\t<\/div>\n\t\t\t\t<div class=\"elementor-element elementor-element-28558c6 elementor-align-center elementor-hidden-desktop elementor-hidden-laptop elementor-hidden-tablet_extra elementor-hidden-tablet elementor-hidden-mobile_extra elementor-hidden-mobile elementor-widget elementor-widget-button\" data-id=\"28558c6\" data-element_type=\"widget\" data-e-type=\"widget\" data-widget_type=\"button.default\">\n\t\t\t\t<div class=\"elementor-widget-container\">\n\t\t\t\t\t\t\t\t\t<div class=\"elementor-button-wrapper\">\n\t\t\t\t\t<a class=\"elementor-button elementor-button-link elementor-size-sm\" href=\"https:\/\/www.restaurantdornsberg.de\/\" target=\"_blank\">\n\t\t\t\t\t\t<span class=\"elementor-button-content-wrapper\">\n\t\t\t\t\t\t\t\t\t<span class=\"elementor-button-text\">Zur HOMEPAGE \"DORNSBERG RESTAURANT\" klicken Sie hier....<\/span>\n\t\t\t\t\t<\/span>\n\t\t\t\t\t<\/a>\n\t\t\t\t<\/div>\n\t\t\t\t\t\t\t\t<\/div>\n\t\t\t\t<\/div>\n\t\t\t\t<div class=\"elementor-element elementor-element-e5843ca elementor-widget-divider--view-line elementor-widget elementor-widget-divider\" data-id=\"e5843ca\" data-element_type=\"widget\" data-e-type=\"widget\" data-widget_type=\"divider.default\">\n\t\t\t\t<div class=\"elementor-widget-container\">\n\t\t\t\t\t\t\t<div class=\"elementor-divider\">\n\t\t\t<span class=\"elementor-divider-separator\">\n\t\t\t\t\t\t<\/span>\n\t\t<\/div>\n\t\t\t\t\t\t<\/div>\n\t\t\t\t<\/div>\n\t\t\t\t<div class=\"elementor-element elementor-element-279be32 elementor-hidden-desktop elementor-hidden-laptop elementor-hidden-tablet_extra elementor-hidden-tablet elementor-hidden-mobile_extra elementor-hidden-mobile elementor-widget-divider--view-line elementor-widget elementor-widget-divider\" data-id=\"279be32\" data-element_type=\"widget\" data-e-type=\"widget\" data-widget_type=\"divider.default\">\n\t\t\t\t<div class=\"elementor-widget-container\">\n\t\t\t\t\t\t\t<div class=\"elementor-divider\">\n\t\t\t<span class=\"elementor-divider-separator\">\n\t\t\t\t\t\t<\/span>\n\t\t<\/div>\n\t\t\t\t\t\t<\/div>\n\t\t\t\t<\/div>\n\t\t\t\t<\/div>\n\t\t\t\t<div class=\"elementor-element elementor-element-078d3bb elementor-widget elementor-widget-text-editor\" data-id=\"078d3bb\" data-element_type=\"widget\" data-e-type=\"widget\" data-widget_type=\"text-editor.default\">\n\t\t\t\t<div class=\"elementor-widget-container\">\n\t\t\t\t\t\t\t\t\t<h2><strong>Enjoyment in an idyllic location<\/strong><\/h2>\t\t\t\t\t\t\t\t<\/div>\n\t\t\t\t<\/div>\n\t\t\t\t<div class=\"elementor-element elementor-element-cc1f4f5 elementor-widget elementor-widget-image\" data-id=\"cc1f4f5\" data-element_type=\"widget\" data-e-type=\"widget\" data-widget_type=\"image.default\">\n\t\t\t\t<div class=\"elementor-widget-container\">\n\t\t\t\t\t\t\t\t\t\t\t\t\t\t\t<img decoding=\"async\" width=\"800\" height=\"533\" src=\"https:\/\/www.dornsberg-schuetzen.de\/wp-content\/uploads\/2024\/06\/dornsberg-landesjagdschule-jagdparcours-restaurant.jpg\" class=\"attachment-large size-large wp-image-512\" alt=\"\" srcset=\"https:\/\/www.dornsberg-schuetzen.de\/wp-content\/uploads\/2024\/06\/dornsberg-landesjagdschule-jagdparcours-restaurant.jpg 1000w, https:\/\/www.dornsberg-schuetzen.de\/wp-content\/uploads\/2024\/06\/dornsberg-landesjagdschule-jagdparcours-restaurant-300x200.jpg 300w, https:\/\/www.dornsberg-schuetzen.de\/wp-content\/uploads\/2024\/06\/dornsberg-landesjagdschule-jagdparcours-restaurant-768x511.jpg 768w\" sizes=\"(max-width: 800px) 100vw, 800px\" \/>\t\t\t\t\t\t\t\t\t\t\t\t\t\t\t<\/div>\n\t\t\t\t<\/div>\n\t\t\t\t<div class=\"elementor-element elementor-element-3c74390 elementor-widget elementor-widget-text-editor\" data-id=\"3c74390\" data-element_type=\"widget\" data-e-type=\"widget\" data-widget_type=\"text-editor.default\">\n\t\t\t\t<div class=\"elementor-widget-container\">\n\t\t\t\t\t\t\t\t\t<p class=\"bodytext translation-block\"><b>This is pure enjoyment:<\/b> let your gaze wander far beyond the treetops of the Hegau region, relax and unwind, and treat your taste buds! The restaurant on the Dornsberg is literally in a unique location and offers a wonderful panoramic view of wooded hills and forests\u2014and even the Alps in some cases\u2014not only from its large terrace.<\/p><p class=\"bodytext\">Guests from near and far appreciate the restaurant's location, which is idyllically and quietly situated on the summit of the Dornsberg on the grounds of Count Douglas, directly on the \u201cAacher Gei\u00dfbock\u201d panoramic hiking trail. However, it is not only the hiking trail that attracts visitors to the Dornsberg, but above all the neighboring state hunting school and the Dornsberg hunting course \u2013 Europe's most beautiful and largest hunting course. The restaurant can seat around 150 to 200 people on its spacious terrace and inside.<\/p><p class=\"bodytext\"><b>Advantages at a glance:<\/b><\/p><ul><li class=\"bodytext\">Fairytale-like, idyllic, and peaceful location on the lands of Count Douglas on Dornsberg Mountain<\/li><li class=\"bodytext\">Right next to the State Hunting School and the Dornsberg hunting course, Europe's most beautiful hunting course.<\/li><li class=\"bodytext\">Guests from near and far appreciate the Dornsberg<\/li><li class=\"bodytext\">fully equipped kitchen<\/li><li class=\"bodytext\">Terrace with panoramic views<\/li><li class=\"bodytext\">Space for 150-200 people inside and on the terrace<\/li><li class=\"bodytext\">Ideal for corporate events, family celebrations, weddings<\/li><\/ul>\t\t\t\t\t\t\t\t<\/div>\n\t\t\t\t<\/div>\n\t\t\t\t<\/div>\n\t\t\t\t\t<\/div>\n\t\t\t\t<\/div>\n\t\t\t\t<\/div>","protected":false},"excerpt":{"rendered":"<p>Gastronomie Wir freuen uns darauf, Sie bei uns im Dornsberg Restaurant begr\u00fc\u00dfen zu d\u00fcrfen! \u00a0 Dornsberg RestaurantOberer Dornsberg 178253 Eigeltingen \u00d6ffnungszeiten ab 04. M\u00e4rz 2026:Montag &amp; Dienstag: GeschlossenMittwoch bis Samstag: 10:00 &#8211; 18:00 UhrKontakt Telefon: +49 15116544055 Email: restaurant@dornsberg-schuetzen.de Zur HOMEPAGE &#8222;DORNSBERG RESTAURANT&#8220; klicken Sie hier&#8230;. Genie\u00dfen in idyllischer Lage Das ist Genuss pur: Den [&hellip;]<\/p>\n","protected":false},"author":1,"featured_media":0,"parent":0,"menu_order":0,"comment_status":"closed","ping_status":"closed","template":"","meta":{"footnotes":""},"class_list":["post-517","page","type-page","status-publish","hentry"],"_links":{"self":[{"href":"https:\/\/www.dornsberg-schuetzen.de\/en\/wp-json\/wp\/v2\/pages\/517","targetHints":{"allow":["GET"]}}],"collection":[{"href":"https:\/\/www.dornsberg-schuetzen.de\/en\/wp-json\/wp\/v2\/pages"}],"about":[{"href":"https:\/\/www.dornsberg-schuetzen.de\/en\/wp-json\/wp\/v2\/types\/page"}],"author":[{"embeddable":true,"href":"https:\/\/www.dornsberg-schuetzen.de\/en\/wp-json\/wp\/v2\/users\/1"}],"replies":[{"embeddable":true,"href":"https:\/\/www.dornsberg-schuetzen.de\/en\/wp-json\/wp\/v2\/comments?post=517"}],"version-history":[{"count":81,"href":"https:\/\/www.dornsberg-schuetzen.de\/en\/wp-json\/wp\/v2\/pages\/517\/revisions"}],"predecessor-version":[{"id":4470,"href":"https:\/\/www.dornsberg-schuetzen.de\/en\/wp-json\/wp\/v2\/pages\/517\/revisions\/4470"}],"wp:attachment":[{"href":"https:\/\/www.dornsberg-schuetzen.de\/en\/wp-json\/wp\/v2\/media?parent=517"}],"curies":[{"name":"wp","href":"https:\/\/api.w.org\/{rel}","templated":true}]}}