{"id":530,"date":"2024-06-27T12:20:30","date_gmt":"2024-06-27T10:20:30","guid":{"rendered":"https:\/\/www.dornsberg-schuetzen.de\/?page_id=530"},"modified":"2024-06-27T16:05:39","modified_gmt":"2024-06-27T14:05:39","slug":"jagdsimulation","status":"publish","type":"page","link":"https:\/\/www.dornsberg-schuetzen.de\/en\/jagdsimulation\/","title":{"rendered":"Hunting simulation"},"content":{"rendered":"<div data-elementor-type=\"wp-page\" data-elementor-id=\"530\" class=\"elementor elementor-530\" data-elementor-settings=\"{&quot;ha_cmc_init_switcher&quot;:&quot;no&quot;}\" data-elementor-post-type=\"page\">\n\t\t\t\t<div class=\"elementor-element elementor-element-83f22eb e-flex e-con-boxed e-con e-parent\" data-id=\"83f22eb\" data-element_type=\"container\" data-e-type=\"container\" data-settings=\"{&quot;background_background&quot;:&quot;classic&quot;,&quot;_ha_eqh_enable&quot;:false}\">\n\t\t\t\t\t<div class=\"e-con-inner\">\n\t\t\t\t\t<\/div>\n\t\t\t\t<\/div>\n\t\t<div class=\"elementor-element elementor-element-e284d56 e-flex e-con-boxed e-con e-parent\" data-id=\"e284d56\" data-element_type=\"container\" data-e-type=\"container\" data-settings=\"{&quot;background_background&quot;:&quot;classic&quot;,&quot;shape_divider_bottom&quot;:&quot;mountains&quot;,&quot;_ha_eqh_enable&quot;:false}\">\n\t\t\t\t\t<div class=\"e-con-inner\">\n\t\t\t\t<div class=\"elementor-shape elementor-shape-bottom\" aria-hidden=\"true\" data-negative=\"false\">\n\t\t\t<svg xmlns=\"http:\/\/www.w3.org\/2000\/svg\" viewbox=\"0 0 1000 100\" preserveaspectratio=\"none\">\n\t<path class=\"elementor-shape-fill\" opacity=\"0.33\" d=\"M473,67.3c-203.9,88.3-263.1-34-320.3,0C66,119.1,0,59.7,0,59.7V0h1000v59.7 c0,0-62.1,26.1-94.9,29.3c-32.8,3.3-62.8-12.3-75.8-22.1C806,49.6,745.3,8.7,694.9,4.7S492.4,59,473,67.3z\"\/>\n\t<path class=\"elementor-shape-fill\" opacity=\"0.66\" d=\"M734,67.3c-45.5,0-77.2-23.2-129.1-39.1c-28.6-8.7-150.3-10.1-254,39.1 s-91.7-34.4-149.2,0C115.7,118.3,0,39.8,0,39.8V0h1000v36.5c0,0-28.2-18.5-92.1-18.5C810.2,18.1,775.7,67.3,734,67.3z\"\/>\n\t<path class=\"elementor-shape-fill\" d=\"M766.1,28.9c-200-57.5-266,65.5-395.1,19.5C242,1.8,242,5.4,184.8,20.6C128,35.8,132.3,44.9,89.9,52.5C28.6,63.7,0,0,0,0 h1000c0,0-9.9,40.9-83.6,48.1S829.6,47,766.1,28.9z\"\/>\n<\/svg>\t\t<\/div>\n\t\t\t\t<div class=\"elementor-element elementor-element-a635bb0 elementor-widget elementor-widget-heading\" data-id=\"a635bb0\" data-element_type=\"widget\" data-e-type=\"widget\" data-widget_type=\"heading.default\">\n\t\t\t\t<div class=\"elementor-widget-container\">\n\t\t\t\t\t<h2 class=\"elementor-heading-title elementor-size-default\">Hunting simulation<\/h2>\t\t\t\t<\/div>\n\t\t\t\t<\/div>\n\t\t\t\t<div class=\"elementor-element elementor-element-d522b2c elementor-widget-divider--view-line elementor-widget elementor-widget-divider\" data-id=\"d522b2c\" data-element_type=\"widget\" data-e-type=\"widget\" data-widget_type=\"divider.default\">\n\t\t\t\t<div class=\"elementor-widget-container\">\n\t\t\t\t\t\t\t<div class=\"elementor-divider\">\n\t\t\t<span class=\"elementor-divider-separator\">\n\t\t\t\t\t\t<\/span>\n\t\t<\/div>\n\t\t\t\t\t\t<\/div>\n\t\t\t\t<\/div>\n\t\t<div class=\"elementor-element elementor-element-a6633f8 e-con-full e-flex e-con e-child\" data-id=\"a6633f8\" data-element_type=\"container\" data-e-type=\"container\" data-settings=\"{&quot;_ha_eqh_enable&quot;:false}\">\n\t\t<div class=\"elementor-element elementor-element-989dd30 e-con-full e-flex e-con e-child\" data-id=\"989dd30\" data-element_type=\"container\" data-e-type=\"container\" data-settings=\"{&quot;_ha_eqh_enable&quot;:false}\">\n\t\t\t\t<div class=\"elementor-element elementor-element-8b423cd elementor-widget elementor-widget-text-editor\" data-id=\"8b423cd\" data-element_type=\"widget\" data-e-type=\"widget\" data-widget_type=\"text-editor.default\">\n\t\t\t\t<div class=\"elementor-widget-container\">\n\t\t\t\t\t\t\t\t\t<h3><strong>Ideal for hunting clubs<\/strong><\/h3>\t\t\t\t\t\t\t\t<\/div>\n\t\t\t\t<\/div>\n\t\t\t\t<div class=\"elementor-element elementor-element-b10675e elementor-widget elementor-widget-text-editor\" data-id=\"b10675e\" data-element_type=\"widget\" data-e-type=\"widget\" data-widget_type=\"text-editor.default\">\n\t\t\t\t<div class=\"elementor-widget-container\">\n\t\t\t\t\t\t\t\t\t<div class=\"elementor-element elementor-element-02779a7 elementor-widget elementor-widget-text-editor\" data-id=\"02779a7\" data-element_type=\"widget\" data-widget_type=\"text-editor.default\"><div class=\"elementor-widget-container\"><div class=\"elementor-text-editor elementor-clearfix\"><div class=\"csc-textpic-text\"><p class=\"bodytext\">The ideal alternative for training young hunters, but also for hunters who want to improve or refresh their skills in handling a shotgun.<\/p><p class=\"bodytext\">Bring your hunting buddies or coworkers and enjoy an unforgettable day. We offer realistic simulations of all types of small game that can be hunted.<\/p><\/div><\/div><\/div><\/div><p class=\"translation-block\"><br>If you have any questions, please call us at <a href=\"tel:07774-6517\" target=\"_self\">07774-6517<\/a> or by email <a href=\"mailto:info@dornsberg-schuetzen.de\" target=\"_blank\" rel=\"noopener\">info@dornsberg-schuetzen.de<\/a>.<\/p>\t\t\t\t\t\t\t\t<\/div>\n\t\t\t\t<\/div>\n\t\t\t\t<\/div>\n\t\t\t\t<div class=\"elementor-element elementor-element-cc1f4f5 elementor-widget elementor-widget-image\" data-id=\"cc1f4f5\" data-element_type=\"widget\" data-e-type=\"widget\" data-widget_type=\"image.default\">\n\t\t\t\t<div class=\"elementor-widget-container\">\n\t\t\t\t\t\t\t\t\t\t\t\t\t\t\t<img fetchpriority=\"high\" decoding=\"async\" width=\"683\" height=\"1024\" src=\"https:\/\/www.dornsberg-schuetzen.de\/wp-content\/uploads\/2024\/06\/IMG_2667-683x1024.jpeg\" class=\"attachment-large size-large wp-image-532\" alt=\"\" srcset=\"https:\/\/www.dornsberg-schuetzen.de\/wp-content\/uploads\/2024\/06\/IMG_2667-683x1024.jpeg 683w, https:\/\/www.dornsberg-schuetzen.de\/wp-content\/uploads\/2024\/06\/IMG_2667-200x300.jpeg 200w, https:\/\/www.dornsberg-schuetzen.de\/wp-content\/uploads\/2024\/06\/IMG_2667-768x1152.jpeg 768w, https:\/\/www.dornsberg-schuetzen.de\/wp-content\/uploads\/2024\/06\/IMG_2667-1024x1536.jpeg 1024w, https:\/\/www.dornsberg-schuetzen.de\/wp-content\/uploads\/2024\/06\/IMG_2667-1365x2048.jpeg 1365w, https:\/\/www.dornsberg-schuetzen.de\/wp-content\/uploads\/2024\/06\/IMG_2667-scaled.jpeg 1280w\" sizes=\"(max-width: 683px) 100vw, 683px\" \/>\t\t\t\t\t\t\t\t\t\t\t\t\t\t\t<\/div>\n\t\t\t\t<\/div>\n\t\t\t\t<\/div>\n\t\t\t\t\t<\/div>\n\t\t\t\t<\/div>\n\t\t\t\t<\/div>","protected":false},"excerpt":{"rendered":"<p>Jagdsimulation Ideal f\u00fcr Hegeringe Die ideale Alternative f\u00fcr die Jungj\u00e4gerausbildung, aber auch f\u00fcr J\u00e4ger, die ihre F\u00e4higkeiten im Umgang mit der Flinte verbessern oder auffrischen wollen. Kommen Sie mit Jagdfreunden oder Kollegen und erleben Sie einen unvergesslichen Tag. Wir bieten Ihnen realistische Simulationen aller jagdbaren Niederwildarten. Bei Fragen stehen wir\u00a0 telefonisch unter 07774-6517 oder per [&hellip;]<\/p>\n","protected":false},"author":1,"featured_media":0,"parent":0,"menu_order":0,"comment_status":"closed","ping_status":"closed","template":"","meta":{"footnotes":""},"class_list":["post-530","page","type-page","status-publish","hentry"],"_links":{"self":[{"href":"https:\/\/www.dornsberg-schuetzen.de\/en\/wp-json\/wp\/v2\/pages\/530","targetHints":{"allow":["GET"]}}],"collection":[{"href":"https:\/\/www.dornsberg-schuetzen.de\/en\/wp-json\/wp\/v2\/pages"}],"about":[{"href":"https:\/\/www.dornsberg-schuetzen.de\/en\/wp-json\/wp\/v2\/types\/page"}],"author":[{"embeddable":true,"href":"https:\/\/www.dornsberg-schuetzen.de\/en\/wp-json\/wp\/v2\/users\/1"}],"replies":[{"embeddable":true,"href":"https:\/\/www.dornsberg-schuetzen.de\/en\/wp-json\/wp\/v2\/comments?post=530"}],"version-history":[{"count":7,"href":"https:\/\/www.dornsberg-schuetzen.de\/en\/wp-json\/wp\/v2\/pages\/530\/revisions"}],"predecessor-version":[{"id":719,"href":"https:\/\/www.dornsberg-schuetzen.de\/en\/wp-json\/wp\/v2\/pages\/530\/revisions\/719"}],"wp:attachment":[{"href":"https:\/\/www.dornsberg-schuetzen.de\/en\/wp-json\/wp\/v2\/media?parent=530"}],"curies":[{"name":"wp","href":"https:\/\/api.w.org\/{rel}","templated":true}]}}