{"id":826,"date":"2024-07-10T18:26:56","date_gmt":"2024-07-10T16:26:56","guid":{"rendered":"https:\/\/www.dornsberg-schuetzen.de\/?page_id=826"},"modified":"2024-12-11T14:13:54","modified_gmt":"2024-12-11T13:13:54","slug":"karriere","status":"publish","type":"page","link":"https:\/\/www.dornsberg-schuetzen.de\/en\/karriere\/","title":{"rendered":"Career"},"content":{"rendered":"<div data-elementor-type=\"wp-page\" data-elementor-id=\"826\" class=\"elementor elementor-826\" data-elementor-settings=\"{&quot;ha_cmc_init_switcher&quot;:&quot;no&quot;}\" data-elementor-post-type=\"page\">\n\t\t\t\t<div class=\"elementor-element elementor-element-83f22eb e-flex e-con-boxed e-con e-parent\" data-id=\"83f22eb\" data-element_type=\"container\" data-e-type=\"container\" data-settings=\"{&quot;background_background&quot;:&quot;classic&quot;,&quot;_ha_eqh_enable&quot;:false}\">\n\t\t\t\t\t<div class=\"e-con-inner\">\n\t\t\t\t\t<\/div>\n\t\t\t\t<\/div>\n\t\t<div class=\"elementor-element elementor-element-e284d56 e-flex e-con-boxed e-con e-parent\" data-id=\"e284d56\" data-element_type=\"container\" data-e-type=\"container\" data-settings=\"{&quot;background_background&quot;:&quot;classic&quot;,&quot;shape_divider_bottom&quot;:&quot;mountains&quot;,&quot;_ha_eqh_enable&quot;:false}\">\n\t\t\t\t\t<div class=\"e-con-inner\">\n\t\t\t\t<div class=\"elementor-shape elementor-shape-bottom\" aria-hidden=\"true\" data-negative=\"false\">\n\t\t\t<svg xmlns=\"http:\/\/www.w3.org\/2000\/svg\" viewbox=\"0 0 1000 100\" preserveaspectratio=\"none\">\n\t<path class=\"elementor-shape-fill\" opacity=\"0.33\" d=\"M473,67.3c-203.9,88.3-263.1-34-320.3,0C66,119.1,0,59.7,0,59.7V0h1000v59.7 c0,0-62.1,26.1-94.9,29.3c-32.8,3.3-62.8-12.3-75.8-22.1C806,49.6,745.3,8.7,694.9,4.7S492.4,59,473,67.3z\"\/>\n\t<path class=\"elementor-shape-fill\" opacity=\"0.66\" d=\"M734,67.3c-45.5,0-77.2-23.2-129.1-39.1c-28.6-8.7-150.3-10.1-254,39.1 s-91.7-34.4-149.2,0C115.7,118.3,0,39.8,0,39.8V0h1000v36.5c0,0-28.2-18.5-92.1-18.5C810.2,18.1,775.7,67.3,734,67.3z\"\/>\n\t<path class=\"elementor-shape-fill\" d=\"M766.1,28.9c-200-57.5-266,65.5-395.1,19.5C242,1.8,242,5.4,184.8,20.6C128,35.8,132.3,44.9,89.9,52.5C28.6,63.7,0,0,0,0 h1000c0,0-9.9,40.9-83.6,48.1S829.6,47,766.1,28.9z\"\/>\n<\/svg>\t\t<\/div>\n\t\t\t\t<div class=\"elementor-element elementor-element-a635bb0 elementor-widget elementor-widget-heading\" data-id=\"a635bb0\" data-element_type=\"widget\" data-e-type=\"widget\" data-widget_type=\"heading.default\">\n\t\t\t\t<div class=\"elementor-widget-container\">\n\t\t\t\t\t<h2 class=\"elementor-heading-title elementor-size-default\">Career<\/h2>\t\t\t\t<\/div>\n\t\t\t\t<\/div>\n\t\t\t\t<div class=\"elementor-element elementor-element-d522b2c elementor-widget-divider--view-line elementor-widget elementor-widget-divider\" data-id=\"d522b2c\" data-element_type=\"widget\" data-e-type=\"widget\" data-widget_type=\"divider.default\">\n\t\t\t\t<div class=\"elementor-widget-container\">\n\t\t\t\t\t\t\t<div class=\"elementor-divider\">\n\t\t\t<span class=\"elementor-divider-separator\">\n\t\t\t\t\t\t<\/span>\n\t\t<\/div>\n\t\t\t\t\t\t<\/div>\n\t\t\t\t<\/div>\n\t\t<div class=\"elementor-element elementor-element-a6633f8 e-con-full e-flex e-con e-child\" data-id=\"a6633f8\" data-element_type=\"container\" data-e-type=\"container\" data-settings=\"{&quot;_ha_eqh_enable&quot;:false}\">\n\t\t\t\t<div class=\"elementor-element elementor-element-cf09402 elementor-widget elementor-widget-text-editor\" data-id=\"cf09402\" data-element_type=\"widget\" data-e-type=\"widget\" data-widget_type=\"text-editor.default\">\n\t\t\t\t<div class=\"elementor-widget-container\">\n\t\t\t\t\t\t\t\t\t<p><b class=\"b5\">Unfortunately, we do not have any vacancies at present.<\/b>.\u00a0<\/p><div class=\"source_url_spacer\">\u00a0<\/div><p>Dornsberg Sch\u00fctzen e.V.<br \/>Oberer Dornsberg 1<br \/>78253 Eigeltingen<\/p><p>Email: <a href=\"mailto:vorstand@dornsberg-schuetzen.de\">vorstand@dornsberg-schuetzen.de<\/a><\/p>\t\t\t\t\t\t\t\t<\/div>\n\t\t\t\t<\/div>\n\t\t\t\t<div class=\"elementor-element elementor-element-229c606 elementor-hidden-desktop elementor-hidden-laptop elementor-hidden-tablet_extra elementor-hidden-tablet elementor-hidden-mobile_extra elementor-hidden-mobile elementor-widget elementor-widget-text-editor\" data-id=\"229c606\" data-element_type=\"widget\" data-e-type=\"widget\" data-widget_type=\"text-editor.default\">\n\t\t\t\t<div class=\"elementor-widget-container\">\n\t\t\t\t\t\t\t\t\t<h4><strong>Handwerker\/in, Mechaniker\/in oder Elektriker\/in als Servicetechniker\/in (m\/w\/d)<\/strong><\/h4><p><strong>Ihr Aufgabengebiet :<\/strong><\/p><ul><li>Sie sind zust\u00e4ndig f\u00fcr den reibungslosen Schie\u00dfablauf auf unserem Jagdparcours<\/li><li>Sie sind verantwortlich f\u00fcr die Wartung sowie einfache Reparaturen an den Wurfmaschinen<\/li><li>Sie kontrollieren regelm\u00e4\u00dfig alle\u00a0 Wurfmaschinen und f\u00fcllen diese mit Wurfscheiben auf<br \/>Sie unterst\u00fctzen den reibungslosen Ablauf der Wettk\u00e4mpfe auf unserem Jagdparcours<\/li><li>Sie halten Wege und Schie\u00dfeinrichtungen instand<\/li><li>Sie schneiden kleinere B\u00e4ume und Str\u00e4ucher zurecht, um die Schie\u00dfst\u00e4nde freizuhalten<br \/>Sie f\u00fchren M\u00e4harbeiten durch<\/li><li>Sie bauen Schie\u00dfeinrichtungen aus Holz<\/li><li>Sie beheben technische St\u00f6rungen an den Wurfscheibenanlagen eigenst\u00e4ndig<br \/>Sie sind mitverantwortlich f\u00fcr den reibungslosen Ablauf der Wettk\u00e4mpfe sowie deren Vorbereitung und Durchf\u00fchrung<\/li><li>Sie unterst\u00fctzen bei der Umstellung der Wurfscheibenmaschinen sowie der Weiterentwicklung unseres Jagdparcours<\/li><\/ul><p><strong>Ihr Profil:<\/strong><\/p><ul><li>Sie haben eine abgeschlossene handwerkliche bzw. technische Ausbildung im Bereich Maschinenbau, Anlagentechnik, Produktion, Industrie, Geb\u00e4udetechnik oder vergleichbar.<\/li><li>Auch wenn Sie aus einem einen anderen handwerklichen Bereich kommen, freuen wir uns \u00fcber Ihr Interesse (Metallbau, Zimmerer, Schlosser, Anlagenmechaniker, Klima- oder Sanit\u00e4rtechnik, Montage, Haustechniker, CNC-Fachkraft, Produktionsmitarbeiter, Bodenleger, KFZ-Mechaniker, Verfahrenstechniker, Lagerfachkraft, Logistiker, Waldarbeiter, Werkzeugmacher etc.)<\/li><li>Hohes Ma\u00df an Eigeninitiative und L\u00f6sungsorientierung<\/li><li>Technisches Verst\u00e4ndnis, da Sie in die Bedienung und Programmierung der Wurfscheibenanlagen eingearbeitet werden und hier auch eventuelle St\u00f6rungen beheben m\u00fcssen<\/li><li>Sie sind \u201ewetterfest\u201c da 100% Ihrer Arbeit drau\u00dfen stattfindet<\/li><li>Sie sind motiviert und ergebnisorientiert<br \/>Ihr Auftreten ist freundlich, Sie besitzen Kundenorientierung sowie Teamgeist und haben Spa\u00df am Austausch mit Kunden und Kollegen.<\/li><li>F\u00fchrerschein Klasse B<\/li><\/ul><p>Es erwartet Sie ein offenes und kollegiales Umfeld mit flexiblen Arbeitszeiten (Gleitzeit) sowie ansprechender Verg\u00fctung. Flache Hierarchien mit kurzen Entscheidungswegen bieten Freir\u00e4ume und sorgen f\u00fcr effizientes Arbeiten in einem angenehmen Betriebsklima. Die Arbeitskleidung wird selbstverst\u00e4ndlich gestellt.<\/p><p>Wir freuen uns auf Ihre Bewerbung!<\/p><p><strong>Bewerbungen bitte schriftlich an:<\/strong><\/p><p>Dornsberg Sch\u00fctzen e.V.<br \/>Oberer Dornsberg 1<br \/>78253 Eigeltingen<\/p><p>Email: <a href=\"mailto:vorstand@dornsberg-schuetzen.de\">vorstand@dornsberg-schuetzen.de<\/a><\/p>\t\t\t\t\t\t\t\t<\/div>\n\t\t\t\t<\/div>\n\t\t\t\t<\/div>\n\t\t\t\t\t<\/div>\n\t\t\t\t<\/div>\n\t\t\t\t<\/div>","protected":false},"excerpt":{"rendered":"<p>Karriere Derzeit haben wir leider keine offenen Stellen anzubieten.\u00a0 \u00a0 Dornsberg Sch\u00fctzen e.V.Oberer Dornsberg 178253 Eigeltingen Email: vorstand@dornsberg-schuetzen.de Handwerker\/in, Mechaniker\/in oder Elektriker\/in als Servicetechniker\/in (m\/w\/d) Ihr Aufgabengebiet : Sie sind zust\u00e4ndig f\u00fcr den reibungslosen Schie\u00dfablauf auf unserem Jagdparcours Sie sind verantwortlich f\u00fcr die Wartung sowie einfache Reparaturen an den Wurfmaschinen Sie kontrollieren regelm\u00e4\u00dfig alle\u00a0 Wurfmaschinen [&hellip;]<\/p>\n","protected":false},"author":1,"featured_media":0,"parent":0,"menu_order":0,"comment_status":"closed","ping_status":"closed","template":"","meta":{"footnotes":""},"class_list":["post-826","page","type-page","status-publish","hentry"],"_links":{"self":[{"href":"https:\/\/www.dornsberg-schuetzen.de\/en\/wp-json\/wp\/v2\/pages\/826","targetHints":{"allow":["GET"]}}],"collection":[{"href":"https:\/\/www.dornsberg-schuetzen.de\/en\/wp-json\/wp\/v2\/pages"}],"about":[{"href":"https:\/\/www.dornsberg-schuetzen.de\/en\/wp-json\/wp\/v2\/types\/page"}],"author":[{"embeddable":true,"href":"https:\/\/www.dornsberg-schuetzen.de\/en\/wp-json\/wp\/v2\/users\/1"}],"replies":[{"embeddable":true,"href":"https:\/\/www.dornsberg-schuetzen.de\/en\/wp-json\/wp\/v2\/comments?post=826"}],"version-history":[{"count":13,"href":"https:\/\/www.dornsberg-schuetzen.de\/en\/wp-json\/wp\/v2\/pages\/826\/revisions"}],"predecessor-version":[{"id":2279,"href":"https:\/\/www.dornsberg-schuetzen.de\/en\/wp-json\/wp\/v2\/pages\/826\/revisions\/2279"}],"wp:attachment":[{"href":"https:\/\/www.dornsberg-schuetzen.de\/en\/wp-json\/wp\/v2\/media?parent=826"}],"curies":[{"name":"wp","href":"https:\/\/api.w.org\/{rel}","templated":true}]}}